{"id":1588,"date":"2020-04-04T18:01:04","date_gmt":"2020-04-04T16:01:04","guid":{"rendered":"http:\/\/www.hrdevelopment.cz\/?post_type=product&#038;p=1588"},"modified":"2020-05-25T07:48:04","modified_gmt":"2020-05-25T05:48:04","slug":"online-firemni-trenink-manazerske-dovednosti-2-dny","status":"publish","type":"product","link":"https:\/\/www.hrdevelopment.cz\/?product=online-firemni-trenink-manazerske-dovednosti-2-dny","title":{"rendered":"Online firemn\u00ed tr\u00e9nink Mana\u017eersk\u00e9 dovednosti (2 dny)"},"content":{"rendered":"<p>P\u0158ED SAMOTN\u00ddM ZA\u010c\u00c1TKEM ONLINE TR\u00c9NINKU PROJDE KA\u017dD\u00dd \u00da\u010cASTN\u00cdK DIAGNOSTIKOU &#8211; Multifaktorov\u00fd pracovn\u00ed profil:<\/p>\n<p>Multifaktorov\u00fd pracovn\u00ed profil mapuje dv\u011b oblasti: pracovn\u00ed styl a pracovn\u00ed cyklus.<\/p>\n<p>&#8211; Pracovn\u00ed styl odpov\u00edd\u00e1 na ot\u00e1zky, jak\u00fd p\u0159\u00edstup k pr\u00e1ci a pln\u011bn\u00ed \u00fakol\u016f m\u016f\u017eeme od dan\u00e9ho \u010dlov\u011bka o\u010dek\u00e1vat, jak\u00fdm zp\u016fsobem pracuje, kde jsou jeho hlavn\u00ed p\u0159ednosti a v\u00fdhody, kde se ukr\u00fdvaj\u00ed mo\u017en\u00e9 nev\u00fdhody a rizika, co pro optim\u00e1ln\u00ed v\u00fdkon pot\u0159ebuje a jak\u00fdm zp\u016fsobem p\u0159istupuje k \u0159e\u0161en\u00ed \u00fakol\u016f. Pat\u0159\u00ed sem osm bipol\u00e1rn\u00edch \u0161k\u00e1l jako nap\u0159. D\u016fkladnost vs. Rychlost nebo Disciplinovanost vs. Improvizace.<\/p>\n<p>&#8211; Pracovn\u00ed cyklus pak uk\u00e1\u017ee, jak velk\u00fd d\u016fraz klade na jednotliv\u00e9 f\u00e1ze \u010dinnosti, kter\u00e9 akcentuje nadm\u011brn\u011b \u010di kter\u00e9 m\u016f\u017ee naopak podce\u0148ovat. Dotazn\u00edk rovn\u011b\u017e obsahuje dv\u011b kontroln\u00ed \u0161k\u00e1ly.<\/p>\n<p>D\u00e1le se budeme aktivn\u011b zab\u00fdvat n\u00ed\u017ee uveden\u00fdmi t\u00e9maty, kter\u00e1 budou soust\u0159ed\u011bna v n\u00e1vaznosti na v\u00fdsledky diagnostik, kter\u00e9 n\u00e1m poskytnou p\u0159\u00edm\u00e1 doporu\u010den\u00ed aktu\u00e1ln\u00edho rozvoje. Z praxe se jedn\u00e1 o n\u00ed\u017ee uveden\u00e1 t\u00e9mata.<\/p>\n<p>1. Pokro\u010dil\u00e1 mana\u017eersk\u00e1 komunikace, podprahov\u00e1 a paraverb\u00e1ln\u00ed komunikace, p\u0159irozen\u00e9 delegov\u00e1n\u00ed, argumentace v pracovn\u00edm procesu<br \/>\n2. P\u0159edch\u00e1zen\u00ed a \u0159e\u0161en\u00ed konfliktn\u00edch situac\u00ed, Resonance konfliktu v mana\u017eersk\u00e9 praxi, obousm\u011brn\u00e1 manipulace<br \/>\n3. Motivace, sofistikovan\u00e9 hodnocen\u00ed a hodnot\u00edc\u00ed pohovory, kritika a chv\u00e1la v praxi, empatie<br \/>\n4. Kl\u00ed\u010dov\u00e9 kompetence mana\u017eera<br \/>\n5. Kooperace a spolupr\u00e1ce<br \/>\n6. Kreativita mana\u017eera, informa\u010dn\u00ed technologie pro usnadn\u011bn\u00ed mana\u017eersk\u00e9 pr\u00e1ce<br \/>\n7. Anal\u00fdza, pl\u00e1nov\u00e1n\u00ed, organizace, zad\u00e1v\u00e1n\u00ed \u00fakol\u016f, kontrola pr\u00e1ce pod\u0159\u00edzen\u00fdm i sob\u011b, vyt\u00fdk\u00e1n\u00ed chyb<br \/>\n8. Zvl\u00e1d\u00e1n\u00ed z\u00e1t\u011b\u017ee \/ \u0159e\u0161en\u00ed probl\u00e9m\u016f<br \/>\n9. Leadership, podn\u011bcov\u00e1n\u00ed k vy\u0161\u0161\u00edmu v\u00fdkonu, ovliv\u0148ov\u00e1n\u00ed, rozhodov\u00e1n\u00ed<br \/>\n10. Testovac\u00ed a sebe evalua\u010dn\u00ed \u010d\u00e1st (testy a dovednostn\u00ed tr\u00e9nink v pr\u016fb\u011bhu, pr\u00e1ce na konkr\u00e9tn\u00edch v\u00fdstupech z diagnostiky jednotlivc\u016f a skupiny).<\/p>\n","protected":false},"excerpt":{"rendered":"<p>DVOUDENN\u00cd ONLINE FIREMN\u00cd TR\u00c9NINK.<\/p>\n<p><strong>Tr\u00e9nink mana\u017eersk\u00fdch dovednost\u00ed lze realizovat tak\u00e9 jako klasick\u00fd firemn\u00ed tr\u00e9nink ve Va\u0161\u00ed firm\u011b nebo instituci.<br \/>\n<\/strong>Na tel. \u010d\u00edsle 5995 0 5995 si m\u016f\u017eete domluvit term\u00edn a individu\u00e1ln\u00ed po\u017eadavky, p\u0159\u00edpadn\u011b je uve\u010fte do pozn\u00e1mky v objedn\u00e1vce.<\/p>\n<p>Po uhrazen\u00ed faktury a dohodnut\u00ed term\u00ednu kon\u00e1n\u00ed online tr\u00e9ninku, naleznete u sv\u00e9ho \u00fa\u010dtu v kolonce STA\u017dEN\u00cd odkaz na online p\u0159enos s lektorem &amp; vzd\u011bl\u00e1vac\u00ed opory v\u010detn\u011b p\u0159\u00edstupu.<\/p>\n<p><strong>Ka\u017ed\u00fd firemn\u00ed tr\u00e9nink p\u0159edch\u00e1z\u00ed online psychodiagnostick\u00e9 \u0161et\u0159en\u00ed uchaze\u010d\u016f v dan\u00e9 a souvisej\u00edc\u00ed oblasti.<\/strong><\/p>\n","protected":false},"featured_media":1570,"comment_status":"open","ping_status":"closed","template":"","meta":[],"product_brand":[],"product_cat":[145],"product_tag":[149,150,148,147],"class_list":{"0":"post-1588","1":"product","2":"type-product","3":"status-publish","4":"has-post-thumbnail","6":"product_cat-online-firemni-trenink","7":"product_tag-management","8":"product_tag-manazer","9":"product_tag-manazerske-dovednosti","10":"product_tag-online-firemni-trenink","11":"it-has-gallery","13":"first","14":"instock","15":"downloadable","16":"virtual","17":"taxable","18":"purchasable","19":"product-type-simple"},"jetpack_sharing_enabled":true,"_links":{"self":[{"href":"https:\/\/www.hrdevelopment.cz\/index.php?rest_route=\/wp\/v2\/product\/1588","targetHints":{"allow":["GET"]}}],"collection":[{"href":"https:\/\/www.hrdevelopment.cz\/index.php?rest_route=\/wp\/v2\/product"}],"about":[{"href":"https:\/\/www.hrdevelopment.cz\/index.php?rest_route=\/wp\/v2\/types\/product"}],"replies":[{"embeddable":true,"href":"https:\/\/www.hrdevelopment.cz\/index.php?rest_route=%2Fwp%2Fv2%2Fcomments&post=1588"}],"wp:featuredmedia":[{"embeddable":true,"href":"https:\/\/www.hrdevelopment.cz\/index.php?rest_route=\/wp\/v2\/media\/1570"}],"wp:attachment":[{"href":"https:\/\/www.hrdevelopment.cz\/index.php?rest_route=%2Fwp%2Fv2%2Fmedia&parent=1588"}],"wp:term":[{"taxonomy":"product_brand","embeddable":true,"href":"https:\/\/www.hrdevelopment.cz\/index.php?rest_route=%2Fwp%2Fv2%2Fproduct_brand&post=1588"},{"taxonomy":"product_cat","embeddable":true,"href":"https:\/\/www.hrdevelopment.cz\/index.php?rest_route=%2Fwp%2Fv2%2Fproduct_cat&post=1588"},{"taxonomy":"product_tag","embeddable":true,"href":"https:\/\/www.hrdevelopment.cz\/index.php?rest_route=%2Fwp%2Fv2%2Fproduct_tag&post=1588"}],"curies":[{"name":"wp","href":"https:\/\/api.w.org\/{rel}","templated":true}]}}