{"id":1780,"date":"2020-04-15T00:30:59","date_gmt":"2020-04-14T22:30:59","guid":{"rendered":"http:\/\/www.hrdevelopment.cz\/?post_type=product&#038;p=1780"},"modified":"2020-04-15T00:56:23","modified_gmt":"2020-04-14T22:56:23","slug":"online-firemni-trenink-tymove-koucovani","status":"publish","type":"product","link":"https:\/\/www.hrdevelopment.cz\/?product=online-firemni-trenink-tymove-koucovani","title":{"rendered":"Online firemn\u00ed tr\u00e9nink T\u00fdmov\u00e9 kou\u010dov\u00e1n\u00ed"},"content":{"rendered":"<h3 class=\"section-bg\" style=\"text-align: justify;\"><strong>T\u00fdmov\u00e9 kou\u010dov\u00e1n\u00ed:<\/strong><\/h3>\n<h4 style=\"text-align: justify;\">je orientov\u00e1no na zefektivn\u011bn\u00ed a prohlouben\u00ed komunikace mezi jednotliv\u00fdmi \u010dleny t\u00fdmu (zlep\u0161uje vz\u00e1jemnou spolupr\u00e1ci). Soust\u0159e\u010fuje zdroje a motivaci t\u00fdmu, poskytuje prostor ka\u017ed\u00e9mu \u010dlenu t\u00fdmu uplatnit sv\u00e9 dovednosti. Zvy\u0161uje v\u00fdkonnost t\u00fdmu jako celku a buduje lep\u0161\u00ed atmosf\u00e9ru na pracovi\u0161ti.<\/h4>\n<p>Kou\u010dov\u00e1n\u00ed jako forma pomoci v dosahov\u00e1n\u00ed c\u00edl\u016f a metoda osobn\u00edho rozvoje stav\u00ed na rozvojov\u00e9m potenci\u00e1lu kou\u010dovan\u00fdch, nikoliv na jeho sou\u010dasn\u00fdch schopnostech a dovednostech. \u00da\u010dastn\u00edci v dialogu s kou\u010dem hledaj\u00ed \u0159e\u0161en\u00ed sv\u00fdch probl\u00e9m\u016f a \u00fakol\u016f. Nalezen\u00e1 \u0159e\u0161en\u00ed jsou jejich vlastn\u00ed, jsou s nimi pln\u011b ztoto\u017en\u011bni. P\u0159i kou\u010dov\u00e1n\u00ed z\u00edsk\u00e1vaj\u00ed \u00fa\u010dastn\u00edci kompetentnost \u0159e\u0161it v budoucnu obdobn\u00e9 \u00fakoly samostatn\u011b a bez ciz\u00ed pomoci.<\/p>\n<blockquote>\n<h3 class=\"small-claim cf\"><em><span class=\"styled-inline-text claim-default proxima-nova\">\u201eKdy\u017e chcete otev\u0159\u00edt zam\u010den\u00e9 dve\u0159e, nepot\u0159ebujete podrobnou anal\u00fdzu z\u00e1mku, ale kl\u00ed\u010d, kter\u00fd do z\u00e1mku pasuje.\u201c\u00a0Steve de Shazer<\/span><\/em><\/h3>\n<\/blockquote>\n<p>Hlavn\u00ed p\u0159\u00ednosy kou\u010dov\u00e1n\u00ed<\/p>\n<p>&#8211; rychl\u00fd rozvoj pracovn\u00edch schopnost\u00ed a dovednost\u00ed dle odbornosti pracovn\u00edk\u016f,<br \/>\n&#8211; v\u00fdrazn\u00e9 zlep\u0161ov\u00e1n\u00ed sebereflexe (p\u0159em\u00fd\u0161len\u00ed o tom co, pro\u010d a jak d\u011bl\u00e1m, zda je to neju\u017eite\u010dn\u011bj\u0161\u00ed a co, nebo jak by mohlo b\u00fdt u\u017eite\u010dn\u011bj\u0161\u00ed),<br \/>\n&#8211; rozvoj sebeorganizace (efektivn\u00ed vyu\u017e\u00edv\u00e1n\u00ed \u010dasu, maxim\u00e1ln\u00ed vyu\u017e\u00edv\u00e1n\u00ed vlastn\u00edch mo\u017enost\u00ed, schopnost intenzivn\u00edho seberozvoje),<br \/>\n&#8211; uv\u011bdom\u011bn\u00ed si sv\u00fdch zdroj\u016f (vnit\u0159n\u00edch i vn\u011bj\u0161\u00edch) a n\u00e1sledn\u011b jich l\u00e9pe vyu\u017e\u00edvat, v\u00edce poznat s\u00e1m sebe,<br \/>\ndosa\u017een\u00ed a napln\u011bn\u00ed partnery definovan\u00fdch c\u00edl\u016f.<\/p>\n","protected":false},"excerpt":{"rendered":"<p>JEDNODENN\u00cd ONLINE FIREMN\u00cd TR\u00c9NINK.<\/p>\n<p>Po uhrazen\u00ed faktury a dohodnut\u00ed term\u00ednu kon\u00e1n\u00ed online tr\u00e9ninku firemn\u00ed kou\u010dov\u00e1n\u00ed, naleznete u sv\u00e9ho \u00fa\u010dtu v kolonce STA\u017dEN\u00cd odkaz na online p\u0159enos s kou\u010dem &amp; vzd\u011bl\u00e1vac\u00ed opory v\u010detn\u011b p\u0159\u00edstupu.<\/p>\n","protected":false},"featured_media":1781,"comment_status":"open","ping_status":"closed","template":"","meta":[],"product_brand":[],"product_cat":[145],"product_tag":[149,150,148,147],"class_list":{"0":"post-1780","1":"product","2":"type-product","3":"status-publish","4":"has-post-thumbnail","6":"product_cat-online-firemni-trenink","7":"product_tag-management","8":"product_tag-manazer","9":"product_tag-manazerske-dovednosti","10":"product_tag-online-firemni-trenink","11":"it-has-gallery","13":"first","14":"instock","15":"downloadable","16":"virtual","17":"taxable","18":"purchasable","19":"product-type-simple"},"jetpack_sharing_enabled":true,"_links":{"self":[{"href":"https:\/\/www.hrdevelopment.cz\/index.php?rest_route=\/wp\/v2\/product\/1780","targetHints":{"allow":["GET"]}}],"collection":[{"href":"https:\/\/www.hrdevelopment.cz\/index.php?rest_route=\/wp\/v2\/product"}],"about":[{"href":"https:\/\/www.hrdevelopment.cz\/index.php?rest_route=\/wp\/v2\/types\/product"}],"replies":[{"embeddable":true,"href":"https:\/\/www.hrdevelopment.cz\/index.php?rest_route=%2Fwp%2Fv2%2Fcomments&post=1780"}],"wp:featuredmedia":[{"embeddable":true,"href":"https:\/\/www.hrdevelopment.cz\/index.php?rest_route=\/wp\/v2\/media\/1781"}],"wp:attachment":[{"href":"https:\/\/www.hrdevelopment.cz\/index.php?rest_route=%2Fwp%2Fv2%2Fmedia&parent=1780"}],"wp:term":[{"taxonomy":"product_brand","embeddable":true,"href":"https:\/\/www.hrdevelopment.cz\/index.php?rest_route=%2Fwp%2Fv2%2Fproduct_brand&post=1780"},{"taxonomy":"product_cat","embeddable":true,"href":"https:\/\/www.hrdevelopment.cz\/index.php?rest_route=%2Fwp%2Fv2%2Fproduct_cat&post=1780"},{"taxonomy":"product_tag","embeddable":true,"href":"https:\/\/www.hrdevelopment.cz\/index.php?rest_route=%2Fwp%2Fv2%2Fproduct_tag&post=1780"}],"curies":[{"name":"wp","href":"https:\/\/api.w.org\/{rel}","templated":true}]}}