{"id":1913,"date":"2020-05-26T22:57:10","date_gmt":"2020-05-26T20:57:10","guid":{"rendered":"http:\/\/www.hrdevelopment.cz\/?post_type=product&#038;p=1913"},"modified":"2020-05-28T12:29:13","modified_gmt":"2020-05-28T10:29:13","slug":"online-firemni-trenink-vybrat-toho-nejlepsiho","status":"publish","type":"product","link":"https:\/\/www.hrdevelopment.cz\/?product=online-firemni-trenink-vybrat-toho-nejlepsiho","title":{"rendered":"Online firemn\u00ed tr\u00e9nink Vybrat toho nejlep\u0161\u00edho"},"content":{"rendered":"<h2>Vybrat toho nejlep\u0161\u00edho \u2013 n\u00e1bor, veden\u00ed pohovoru, psychodiagnostika ve V\u0158<\/h2>\n<p>C\u00edlem workshopu je sezn\u00e1mit \u00fa\u010dastn\u00edky s p\u0159\u00edpravou a veden\u00edm v\u00fdb\u011brov\u00e9ho \u0159\u00edzen\u00ed. Jak naj\u00edt spr\u00e1vn\u00e9ho kandid\u00e1ta? Co si p\u0159ed v\u00fdb\u011brov\u00fdm \u0159\u00edzen\u00edm p\u0159ipravit? Na co a jak se pt\u00e1t, abych vybral\/a toho spr\u00e1vn\u00e9ho? Jak si kandid\u00e1ta otestovat a jak ho ve firm\u011b udr\u017eet? Na v\u0161echny tyto ot\u00e1zky najdeme spole\u010dn\u011b odpov\u011b\u010f.<\/p>\n<h3>Osnova<\/h3>\n<p><strong>1) \u0160t\u011bst\u00ed p\u0159eje p\u0159ipraven\u00fdm \u2013 organizace v\u00fdb\u011brov\u00e9ho \u0159\u00edzen\u00ed<\/strong><\/p>\n<p>(a) \u010casov\u00fd harmonogram &#8211; Co, Kdy, Jak?<br \/>\n(b) Profil pozice<br \/>\n(c) Profil kandid\u00e1ta<br \/>\n(d) Hled\u00e1n\u00ed \u2013 vlastn\u00ed zdroje, inzerce, soci\u00e1ln\u00ed s\u00edt\u011b<\/p>\n<p>&nbsp;<\/p>\n<p><strong>2) Pohovor \u2013 jak na n\u011bj<\/strong><\/p>\n<p>(a) Pozvat x zam\u00edtnout<br \/>\n(b) Struktura pohovoru (atmosf\u00e9ra, podm\u00ednky)<br \/>\n(c) Ot\u00e1zky, ot\u00e1zky, a zase ot\u00e1zky<br \/>\n(d) Na co se rad\u011bji neptat<br \/>\n(e) Assessment centrum<br \/>\n(f) Komunikace s\u00a0kandid\u00e1ty po ukon\u010den\u00ed V\u0158<\/p>\n<p>&nbsp;<\/p>\n<p><strong>3) Psychodiagnostika v\u00a0n\u00e1boru<\/strong><\/p>\n<p>(a) \u00da\u010del a role psychodiagnostiky ve V\u0158<br \/>\n(b) Etika a specifika jejich u\u017eit\u00ed<br \/>\n(c) P\u0159ehled metod<\/p>\n<p>&nbsp;<\/p>\n<p><strong>4) M\u00e1me vybr\u00e1no a co d\u00e1l???<\/strong><\/p>\n<p>(a) lehce na\u0165ukneme t\u00e9ma Onboardingu \u2013 jak usnadnit kandid\u00e1tovi za\u010d\u00e1tky<\/p>\n<p style=\"text-align: center;\">\n","protected":false},"excerpt":{"rendered":"<p>Po uhrazen\u00ed faktury a dohodnut\u00ed term\u00ednu kon\u00e1n\u00ed online tr\u00e9ninku, naleznete u <span style=\"color: #3366ff;\"><em><a style=\"color: #3366ff;\" href=\"http:\/\/www.hrdevelopment.cz\/?page_id=115\" target=\"_blank\" rel=\"noopener noreferrer\">sv\u00e9ho \u00fa\u010dtu<\/a><\/em><\/span> v kolonce STA\u017dEN\u00cd odkaz s p\u0159\u00edstupem na online tr\u00e9nink s lektorem &amp; vzd\u011bl\u00e1vac\u00ed oporu. Takt\u00e9\u017e bude \u00fa\u010dastn\u00edk\u016fm na emaily doru\u010deno samotn\u00e9mu tr\u00e9ninku p\u0159edch\u00e1zej\u00edc\u00ed psychodiagnostick\u00e9 \u0161et\u0159en\u00ed, kter\u00e9 je v cen\u011b. V\u00edce informac\u00ed k psychodiagnostik\u00e1m, kter\u00e9 v\u017edy p\u0159edch\u00e1zej\u00ed na\u0161e tr\u00e9ninky <em><span style=\"color: #3366ff;\"><a style=\"color: #3366ff;\" href=\"http:\/\/www.hrdevelopment.cz\/?product=psychodiagnostika\" target=\"_blank\" rel=\"noopener noreferrer\">naleznete zde<\/a><\/span>.<\/em> Tak\u00e9 si m\u016f\u017eete p\u0159e\u010d\u00edst <span style=\"color: #3366ff;\"><em><a style=\"color: #3366ff;\" href=\"http:\/\/www.hrdevelopment.cz\/?p=90\" target=\"_blank\" rel=\"noopener noreferrer\">\u010dl\u00e1nek o psychodiagnostik\u00e1ch dosp\u011bl\u00fdch<\/a><\/em><\/span>.<\/p>\n[video width=\"1080\" height=\"1080\" mp4=\"http:\/\/www.hrdevelopment.cz\/wp-content\/uploads\/2020\/05\/recruitment_pohovory.mp4\"][\/video]\n<p><em><strong>Toto t\u00e9ma r\u00e1di uspo\u0159\u00e1d\u00e1me ve va\u0161\u00ed firm\u011b nebo instituci tak\u00e9 formou firemn\u00edho tr\u00e9ninku.<\/strong><\/em><\/p>\n","protected":false},"featured_media":1915,"comment_status":"open","ping_status":"closed","template":"","meta":[],"product_brand":[],"product_cat":[145,193],"product_tag":[189,190,186,187,191,188,174,192],"class_list":{"0":"post-1913","1":"product","2":"type-product","3":"status-publish","4":"has-post-thumbnail","6":"product_cat-online-firemni-trenink","7":"product_cat-recruitment","8":"product_tag-ac","9":"product_tag-assessment-centrum","10":"product_tag-hr","11":"product_tag-onboarding","12":"product_tag-pohovor","13":"product_tag-psychodiagnostiky","14":"product_tag-recruitment","15":"product_tag-zivotopis","16":"it-has-gallery","18":"first","19":"instock","20":"downloadable","21":"virtual","22":"taxable","23":"purchasable","24":"product-type-simple"},"jetpack_sharing_enabled":true,"_links":{"self":[{"href":"https:\/\/www.hrdevelopment.cz\/index.php?rest_route=\/wp\/v2\/product\/1913","targetHints":{"allow":["GET"]}}],"collection":[{"href":"https:\/\/www.hrdevelopment.cz\/index.php?rest_route=\/wp\/v2\/product"}],"about":[{"href":"https:\/\/www.hrdevelopment.cz\/index.php?rest_route=\/wp\/v2\/types\/product"}],"replies":[{"embeddable":true,"href":"https:\/\/www.hrdevelopment.cz\/index.php?rest_route=%2Fwp%2Fv2%2Fcomments&post=1913"}],"wp:featuredmedia":[{"embeddable":true,"href":"https:\/\/www.hrdevelopment.cz\/index.php?rest_route=\/wp\/v2\/media\/1915"}],"wp:attachment":[{"href":"https:\/\/www.hrdevelopment.cz\/index.php?rest_route=%2Fwp%2Fv2%2Fmedia&parent=1913"}],"wp:term":[{"taxonomy":"product_brand","embeddable":true,"href":"https:\/\/www.hrdevelopment.cz\/index.php?rest_route=%2Fwp%2Fv2%2Fproduct_brand&post=1913"},{"taxonomy":"product_cat","embeddable":true,"href":"https:\/\/www.hrdevelopment.cz\/index.php?rest_route=%2Fwp%2Fv2%2Fproduct_cat&post=1913"},{"taxonomy":"product_tag","embeddable":true,"href":"https:\/\/www.hrdevelopment.cz\/index.php?rest_route=%2Fwp%2Fv2%2Fproduct_tag&post=1913"}],"curies":[{"name":"wp","href":"https:\/\/api.w.org\/{rel}","templated":true}]}}